{"id":101,"date":"2024-09-24T11:43:29","date_gmt":"2024-09-24T09:43:29","guid":{"rendered":"https:\/\/cagels-ci.com\/?page_id=101"},"modified":"2026-03-05T16:33:16","modified_gmt":"2026-03-05T15:33:16","slug":"fournitures-de-bureau-et-de-gadgets","status":"publish","type":"page","link":"https:\/\/cagels-ci.com\/index.php\/fournitures-de-bureau-et-de-gadgets\/","title":{"rendered":"Electricit\u00e9 g\u00e9n\u00e9rale"},"content":{"rendered":"\t\t<div data-elementor-type=\"wp-page\" data-elementor-id=\"101\" class=\"elementor elementor-101\">\n\t\t\t\t<div class=\"elementor-element elementor-element-c8d5411 e-con-full e-flex wpr-particle-no wpr-jarallax-no wpr-parallax-no wpr-sticky-section-no e-con e-parent\" data-id=\"c8d5411\" data-element_type=\"container\">\n\t\t<div class=\"elementor-element elementor-element-c90c33c e-con-full e-flex wpr-particle-no wpr-jarallax-no wpr-parallax-no wpr-sticky-section-no e-con e-child\" data-id=\"c90c33c\" data-element_type=\"container\">\n\t\t\t\t<div class=\"elementor-element elementor-element-29c9c85 exad-sticky-section-no exad-glass-effect-no elementor-widget elementor-widget-heading\" data-id=\"29c9c85\" data-element_type=\"widget\" data-widget_type=\"heading.default\">\n\t\t\t\t<div class=\"elementor-widget-container\">\n\t\t\t<h2 class=\"elementor-heading-title elementor-size-default\">\u00c9lectricit\u00e9 G\u00e9n\u00e9rale<\/h2>\t\t<\/div>\n\t\t\t\t<\/div>\n\t\t\t\t<div class=\"elementor-element elementor-element-276ebe9 exad-sticky-section-no exad-glass-effect-no elementor-widget elementor-widget-text-editor\" data-id=\"276ebe9\" data-element_type=\"widget\" data-widget_type=\"text-editor.default\">\n\t\t\t\t<div class=\"elementor-widget-container\">\n\t\t\t\t\t\t\t<p>CAGELS SARL propose des solutions compl\u00e8tes en \u00e9lectricit\u00e9 g\u00e9n\u00e9rale pour les b\u00e2timents r\u00e9sidentiels, commerciaux et industriels. Nous assurons l\u2019installation, la maintenance et la mise en conformit\u00e9 des syst\u00e8mes \u00e9lectriques, en respectant les normes de s\u00e9curit\u00e9 et d\u2019efficacit\u00e9 \u00e9nerg\u00e9tique. De la distribution \u00e9lectrique aux syst\u00e8mes d\u2019\u00e9clairage, en passant par les tableaux de commande et les \u00e9quipements de protection, nous garantissons des installations fiables et performantes. Gr\u00e2ce \u00e0 une expertise approfondie et \u00e0 l\u2019utilisation de mat\u00e9riels de qualit\u00e9, nous accompagnons nos clients dans la conception de solutions adapt\u00e9es \u00e0 leurs besoins, tout en optimisant la consommation d\u2019\u00e9nergie et en garantissant un haut niveau de s\u00e9curit\u00e9.<\/p>\t\t\t\t\t\t<\/div>\n\t\t\t\t<\/div>\n\t\t\t\t<\/div>\n\t\t<div class=\"elementor-element elementor-element-6684cf7 e-con-full e-flex wpr-particle-no wpr-jarallax-no wpr-parallax-no wpr-sticky-section-no e-con e-child\" data-id=\"6684cf7\" data-element_type=\"container\">\n\t\t\t\t<div class=\"elementor-element elementor-element-6fd85f2 exad-sticky-section-no exad-glass-effect-no elementor-widget elementor-widget-image\" data-id=\"6fd85f2\" data-element_type=\"widget\" data-widget_type=\"image.default\">\n\t\t\t\t<div class=\"elementor-widget-container\">\n\t\t\t\t\t\t\t\t\t\t\t\t\t<img fetchpriority=\"high\" decoding=\"async\" width=\"627\" height=\"376\" src=\"https:\/\/cagels-ci.com\/wp-content\/uploads\/2026\/03\/IMAGE-24-1.jpg\" class=\"attachment-large size-large wp-image-2297\" alt=\"\" srcset=\"https:\/\/cagels-ci.com\/wp-content\/uploads\/2026\/03\/IMAGE-24-1.jpg 627w, https:\/\/cagels-ci.com\/wp-content\/uploads\/2026\/03\/IMAGE-24-1-300x180.jpg 300w, https:\/\/cagels-ci.com\/wp-content\/uploads\/2026\/03\/IMAGE-24-1-600x360.jpg 600w\" sizes=\"(max-width: 627px) 100vw, 627px\" \/>\t\t\t\t\t\t\t\t\t\t\t\t\t<\/div>\n\t\t\t\t<\/div>\n\t\t\t\t<\/div>\n\t\t\t\t<\/div>\n\t\t\t\t<\/div>\n\t\t","protected":false},"excerpt":{"rendered":"<p>\u00c9lectricit\u00e9 G\u00e9n\u00e9rale CAGELS SARL propose des solutions compl\u00e8tes en \u00e9lectricit\u00e9 g\u00e9n\u00e9rale pour les b\u00e2timents r\u00e9sidentiels, commerciaux et industriels. Nous assurons l\u2019installation, la maintenance et la mise en conformit\u00e9 des syst\u00e8mes \u00e9lectriques, en respectant les normes de s\u00e9curit\u00e9 et d\u2019efficacit\u00e9 \u00e9nerg\u00e9tique. De la distribution \u00e9lectrique aux syst\u00e8mes d\u2019\u00e9clairage, en passant par les tableaux de commande et les \u00e9quipements de protection, nous garantissons des installations fiables et performantes. Gr\u00e2ce \u00e0 une expertise approfondie et \u00e0 l\u2019utilisation de mat\u00e9riels de qualit\u00e9, nous accompagnons nos clients dans la conception de solutions adapt\u00e9es \u00e0 leurs besoins, tout en optimisant la consommation d\u2019\u00e9nergie et en garantissant un haut niveau de s\u00e9curit\u00e9.<\/p>\n","protected":false},"author":1,"featured_media":0,"parent":0,"menu_order":0,"comment_status":"closed","ping_status":"closed","template":"","meta":{"site-sidebar-layout":"no-sidebar","site-content-layout":"","ast-site-content-layout":"full-width-container","site-content-style":"default","site-sidebar-style":"default","ast-global-header-display":"","ast-banner-title-visibility":"","ast-main-header-display":"","ast-hfb-above-header-display":"","ast-hfb-below-header-display":"","ast-hfb-mobile-header-display":"","site-post-title":"disabled","ast-breadcrumbs-content":"","ast-featured-img":"disabled","footer-sml-layout":"","theme-transparent-header-meta":"","adv-header-id-meta":"","stick-header-meta":"","header-above-stick-meta":"","header-main-stick-meta":"","header-below-stick-meta":"","astra-migrate-meta-layouts":"default","ast-page-background-enabled":"default","ast-page-background-meta":{"desktop":{"background-color":"var(--ast-global-color-4)","background-image":"","background-repeat":"repeat","background-position":"center center","background-size":"auto","background-attachment":"scroll","background-type":"","background-media":"","overlay-type":"","overlay-color":"","overlay-opacity":"","overlay-gradient":""},"tablet":{"background-color":"","background-image":"","background-repeat":"repeat","background-position":"center center","background-size":"auto","background-attachment":"scroll","background-type":"","background-media":"","overlay-type":"","overlay-color":"","overlay-opacity":"","overlay-gradient":""},"mobile":{"background-color":"","background-image":"","background-repeat":"repeat","background-position":"center center","background-size":"auto","background-attachment":"scroll","background-type":"","background-media":"","overlay-type":"","overlay-color":"","overlay-opacity":"","overlay-gradient":""}},"ast-content-background-meta":{"desktop":{"background-color":"var(--ast-global-color-5)","background-image":"","background-repeat":"repeat","background-position":"center center","background-size":"auto","background-attachment":"scroll","background-type":"","background-media":"","overlay-type":"","overlay-color":"","overlay-opacity":"","overlay-gradient":""},"tablet":{"background-color":"var(--ast-global-color-5)","background-image":"","background-repeat":"repeat","background-position":"center center","background-size":"auto","background-attachment":"scroll","background-type":"","background-media":"","overlay-type":"","overlay-color":"","overlay-opacity":"","overlay-gradient":""},"mobile":{"background-color":"var(--ast-global-color-5)","background-image":"","background-repeat":"repeat","background-position":"center center","background-size":"auto","background-attachment":"scroll","background-type":"","background-media":"","overlay-type":"","overlay-color":"","overlay-opacity":"","overlay-gradient":""}},"footnotes":""},"class_list":["post-101","page","type-page","status-publish","hentry"],"_links":{"self":[{"href":"https:\/\/cagels-ci.com\/index.php\/wp-json\/wp\/v2\/pages\/101","targetHints":{"allow":["GET"]}}],"collection":[{"href":"https:\/\/cagels-ci.com\/index.php\/wp-json\/wp\/v2\/pages"}],"about":[{"href":"https:\/\/cagels-ci.com\/index.php\/wp-json\/wp\/v2\/types\/page"}],"author":[{"embeddable":true,"href":"https:\/\/cagels-ci.com\/index.php\/wp-json\/wp\/v2\/users\/1"}],"replies":[{"embeddable":true,"href":"https:\/\/cagels-ci.com\/index.php\/wp-json\/wp\/v2\/comments?post=101"}],"version-history":[{"count":11,"href":"https:\/\/cagels-ci.com\/index.php\/wp-json\/wp\/v2\/pages\/101\/revisions"}],"predecessor-version":[{"id":2300,"href":"https:\/\/cagels-ci.com\/index.php\/wp-json\/wp\/v2\/pages\/101\/revisions\/2300"}],"wp:attachment":[{"href":"https:\/\/cagels-ci.com\/index.php\/wp-json\/wp\/v2\/media?parent=101"}],"curies":[{"name":"wp","href":"https:\/\/api.w.org\/{rel}","templated":true}]}}