{"id":103,"date":"2024-09-24T11:44:39","date_gmt":"2024-09-24T09:44:39","guid":{"rendered":"https:\/\/cagels-ci.com\/?page_id=103"},"modified":"2026-03-05T16:30:48","modified_gmt":"2026-03-05T15:30:48","slug":"terrains-avec-acd","status":"publish","type":"page","link":"https:\/\/cagels-ci.com\/index.php\/terrains-avec-acd\/","title":{"rendered":"Quincaillerie"},"content":{"rendered":"\t\t<div data-elementor-type=\"wp-page\" data-elementor-id=\"103\" class=\"elementor elementor-103\">\n\t\t\t\t<div class=\"elementor-element elementor-element-142a959 e-con-full e-flex wpr-particle-no wpr-jarallax-no wpr-parallax-no wpr-sticky-section-no e-con e-parent\" data-id=\"142a959\" data-element_type=\"container\">\n\t\t<div class=\"elementor-element elementor-element-11157cf e-con-full e-flex wpr-particle-no wpr-jarallax-no wpr-parallax-no wpr-sticky-section-no e-con e-child\" data-id=\"11157cf\" data-element_type=\"container\">\n\t\t\t\t<div class=\"elementor-element elementor-element-94a6245 exad-sticky-section-no exad-glass-effect-no elementor-widget elementor-widget-heading\" data-id=\"94a6245\" data-element_type=\"widget\" data-widget_type=\"heading.default\">\n\t\t\t\t<div class=\"elementor-widget-container\">\n\t\t\t<h2 class=\"elementor-heading-title elementor-size-default\">Quincaillerie <\/h2>\t\t<\/div>\n\t\t\t\t<\/div>\n\t\t\t\t<div class=\"elementor-element elementor-element-f7019bb exad-sticky-section-no exad-glass-effect-no elementor-widget elementor-widget-text-editor\" data-id=\"f7019bb\" data-element_type=\"widget\" data-widget_type=\"text-editor.default\">\n\t\t\t\t<div class=\"elementor-widget-container\">\n\t\t\t\t\t\t\t<p>CAGELS SARL propose une large gamme de produits de quincaillerie, visserie et boulonnerie, r\u00e9pondant aux exigences des professionnels du b\u00e2timent, de l\u2019industrie et des particuliers. Nous s\u00e9lectionnons des mat\u00e9riaux de haute qualit\u00e9 pour garantir robustesse, durabilit\u00e9 et s\u00e9curit\u00e9 \u00e0 toutes vos installations et projets. Que ce soit pour la fixation, l\u2019assemblage ou la maintenance, nous offrons des solutions adapt\u00e9es \u00e0 tous les besoins. Gr\u00e2ce \u00e0 un stock vari\u00e9 et une logistique efficace, nous assurons une disponibilit\u00e9 constante et des livraisons rapides, permettant \u00e0 nos clients de mener \u00e0 bien leurs travaux en toute s\u00e9r\u00e9nit\u00e9 et avec les meilleurs \u00e9quipements.<\/p>\t\t\t\t\t\t<\/div>\n\t\t\t\t<\/div>\n\t\t\t\t<\/div>\n\t\t<div class=\"elementor-element elementor-element-65da801 e-con-full e-flex wpr-particle-no wpr-jarallax-no wpr-parallax-no wpr-sticky-section-no e-con e-child\" data-id=\"65da801\" data-element_type=\"container\">\n\t\t\t\t<div class=\"elementor-element elementor-element-1ba33fa exad-sticky-section-no exad-glass-effect-no elementor-widget elementor-widget-image\" data-id=\"1ba33fa\" data-element_type=\"widget\" data-widget_type=\"image.default\">\n\t\t\t\t<div class=\"elementor-widget-container\">\n\t\t\t\t\t\t\t\t\t\t\t\t\t<img fetchpriority=\"high\" decoding=\"async\" width=\"1024\" height=\"768\" src=\"https:\/\/cagels-ci.com\/wp-content\/uploads\/2026\/03\/IMG-20211027-WA0014-1024x768.jpg\" class=\"attachment-large size-large wp-image-2293\" alt=\"\" srcset=\"https:\/\/cagels-ci.com\/wp-content\/uploads\/2026\/03\/IMG-20211027-WA0014-1024x768.jpg 1024w, https:\/\/cagels-ci.com\/wp-content\/uploads\/2026\/03\/IMG-20211027-WA0014-300x225.jpg 300w, https:\/\/cagels-ci.com\/wp-content\/uploads\/2026\/03\/IMG-20211027-WA0014-768x576.jpg 768w, https:\/\/cagels-ci.com\/wp-content\/uploads\/2026\/03\/IMG-20211027-WA0014-600x450.jpg 600w, https:\/\/cagels-ci.com\/wp-content\/uploads\/2026\/03\/IMG-20211027-WA0014.jpg 1280w\" sizes=\"(max-width: 1024px) 100vw, 1024px\" \/>\t\t\t\t\t\t\t\t\t\t\t\t\t<\/div>\n\t\t\t\t<\/div>\n\t\t\t\t<\/div>\n\t\t\t\t<\/div>\n\t\t\t\t<\/div>\n\t\t","protected":false},"excerpt":{"rendered":"<p>Quincaillerie CAGELS SARL propose une large gamme de produits de quincaillerie, visserie et boulonnerie, r\u00e9pondant aux exigences des professionnels du b\u00e2timent, de l\u2019industrie et des particuliers. Nous s\u00e9lectionnons des mat\u00e9riaux de haute qualit\u00e9 pour garantir robustesse, durabilit\u00e9 et s\u00e9curit\u00e9 \u00e0 toutes vos installations et projets. Que ce soit pour la fixation, l\u2019assemblage ou la maintenance, nous offrons des solutions adapt\u00e9es \u00e0 tous les besoins. Gr\u00e2ce \u00e0 un stock vari\u00e9 et une logistique efficace, nous assurons une disponibilit\u00e9 constante et des livraisons rapides, permettant \u00e0 nos clients de mener \u00e0 bien leurs travaux en toute s\u00e9r\u00e9nit\u00e9 et avec les meilleurs \u00e9quipements.<\/p>\n","protected":false},"author":1,"featured_media":0,"parent":0,"menu_order":0,"comment_status":"closed","ping_status":"closed","template":"","meta":{"site-sidebar-layout":"no-sidebar","site-content-layout":"","ast-site-content-layout":"full-width-container","site-content-style":"default","site-sidebar-style":"default","ast-global-header-display":"","ast-banner-title-visibility":"","ast-main-header-display":"","ast-hfb-above-header-display":"","ast-hfb-below-header-display":"","ast-hfb-mobile-header-display":"","site-post-title":"disabled","ast-breadcrumbs-content":"","ast-featured-img":"disabled","footer-sml-layout":"","theme-transparent-header-meta":"","adv-header-id-meta":"","stick-header-meta":"","header-above-stick-meta":"","header-main-stick-meta":"","header-below-stick-meta":"","astra-migrate-meta-layouts":"default","ast-page-background-enabled":"default","ast-page-background-meta":{"desktop":{"background-color":"var(--ast-global-color-4)","background-image":"","background-repeat":"repeat","background-position":"center center","background-size":"auto","background-attachment":"scroll","background-type":"","background-media":"","overlay-type":"","overlay-color":"","overlay-opacity":"","overlay-gradient":""},"tablet":{"background-color":"","background-image":"","background-repeat":"repeat","background-position":"center center","background-size":"auto","background-attachment":"scroll","background-type":"","background-media":"","overlay-type":"","overlay-color":"","overlay-opacity":"","overlay-gradient":""},"mobile":{"background-color":"","background-image":"","background-repeat":"repeat","background-position":"center center","background-size":"auto","background-attachment":"scroll","background-type":"","background-media":"","overlay-type":"","overlay-color":"","overlay-opacity":"","overlay-gradient":""}},"ast-content-background-meta":{"desktop":{"background-color":"var(--ast-global-color-5)","background-image":"","background-repeat":"repeat","background-position":"center center","background-size":"auto","background-attachment":"scroll","background-type":"","background-media":"","overlay-type":"","overlay-color":"","overlay-opacity":"","overlay-gradient":""},"tablet":{"background-color":"var(--ast-global-color-5)","background-image":"","background-repeat":"repeat","background-position":"center center","background-size":"auto","background-attachment":"scroll","background-type":"","background-media":"","overlay-type":"","overlay-color":"","overlay-opacity":"","overlay-gradient":""},"mobile":{"background-color":"var(--ast-global-color-5)","background-image":"","background-repeat":"repeat","background-position":"center center","background-size":"auto","background-attachment":"scroll","background-type":"","background-media":"","overlay-type":"","overlay-color":"","overlay-opacity":"","overlay-gradient":""}},"footnotes":""},"class_list":["post-103","page","type-page","status-publish","hentry"],"_links":{"self":[{"href":"https:\/\/cagels-ci.com\/index.php\/wp-json\/wp\/v2\/pages\/103","targetHints":{"allow":["GET"]}}],"collection":[{"href":"https:\/\/cagels-ci.com\/index.php\/wp-json\/wp\/v2\/pages"}],"about":[{"href":"https:\/\/cagels-ci.com\/index.php\/wp-json\/wp\/v2\/types\/page"}],"author":[{"embeddable":true,"href":"https:\/\/cagels-ci.com\/index.php\/wp-json\/wp\/v2\/users\/1"}],"replies":[{"embeddable":true,"href":"https:\/\/cagels-ci.com\/index.php\/wp-json\/wp\/v2\/comments?post=103"}],"version-history":[{"count":14,"href":"https:\/\/cagels-ci.com\/index.php\/wp-json\/wp\/v2\/pages\/103\/revisions"}],"predecessor-version":[{"id":2296,"href":"https:\/\/cagels-ci.com\/index.php\/wp-json\/wp\/v2\/pages\/103\/revisions\/2296"}],"wp:attachment":[{"href":"https:\/\/cagels-ci.com\/index.php\/wp-json\/wp\/v2\/media?parent=103"}],"curies":[{"name":"wp","href":"https:\/\/api.w.org\/{rel}","templated":true}]}}