{"id":332,"date":"2024-09-24T17:56:43","date_gmt":"2024-09-24T15:56:43","guid":{"rendered":"https:\/\/cagels-ci.com\/?page_id=332"},"modified":"2025-02-14T16:22:09","modified_gmt":"2025-02-14T15:22:09","slug":"a-propos","status":"publish","type":"page","link":"https:\/\/cagels-ci.com\/index.php\/a-propos\/","title":{"rendered":"A propos"},"content":{"rendered":"\t\t<div data-elementor-type=\"wp-page\" data-elementor-id=\"332\" class=\"elementor elementor-332\">\n\t\t\t\t\t\t<section class=\"elementor-section elementor-top-section elementor-element elementor-element-45785e87 envato-kit-141-top-0 elementor-reverse-mobile elementor-section-full_width elementor-section-stretched elementor-section-height-default elementor-section-height-default exad-glass-effect-no wpr-particle-no wpr-jarallax-no wpr-parallax-no wpr-sticky-section-no exad-sticky-section-no\" data-id=\"45785e87\" data-element_type=\"section\" data-settings=\"{&quot;background_background&quot;:&quot;classic&quot;,&quot;stretch_section&quot;:&quot;section-stretched&quot;}\">\n\t\t\t\t\t\t\t<div class=\"elementor-background-overlay\"><\/div>\n\t\t\t\t\t\t\t<div class=\"elementor-container elementor-column-gap-wider\">\n\t\t\t\t\t<div class=\"elementor-column elementor-col-50 elementor-top-column elementor-element elementor-element-3470de5b exad-glass-effect-no exad-sticky-section-no\" data-id=\"3470de5b\" data-element_type=\"column\">\n\t\t\t<div class=\"elementor-widget-wrap elementor-element-populated\">\n\t\t\t\t\t\t<div class=\"elementor-element elementor-element-3ff2a01 exad-sticky-section-no exad-glass-effect-no elementor-widget elementor-widget-image\" data-id=\"3ff2a01\" data-element_type=\"widget\" data-widget_type=\"image.default\">\n\t\t\t\t<div class=\"elementor-widget-container\">\n\t\t\t\t\t\t\t\t\t\t\t\t\t<img fetchpriority=\"high\" decoding=\"async\" width=\"1024\" height=\"684\" src=\"https:\/\/cagels-ci.com\/wp-content\/uploads\/2025\/02\/solar-power-6860359_1280-1-1024x684.jpg\" class=\"attachment-large size-large wp-image-1404\" alt=\"\" srcset=\"https:\/\/cagels-ci.com\/wp-content\/uploads\/2025\/02\/solar-power-6860359_1280-1-1024x684.jpg 1024w, https:\/\/cagels-ci.com\/wp-content\/uploads\/2025\/02\/solar-power-6860359_1280-1-300x200.jpg 300w, https:\/\/cagels-ci.com\/wp-content\/uploads\/2025\/02\/solar-power-6860359_1280-1-768x513.jpg 768w, https:\/\/cagels-ci.com\/wp-content\/uploads\/2025\/02\/solar-power-6860359_1280-1-200x134.jpg 200w, https:\/\/cagels-ci.com\/wp-content\/uploads\/2025\/02\/solar-power-6860359_1280-1-600x401.jpg 600w, https:\/\/cagels-ci.com\/wp-content\/uploads\/2025\/02\/solar-power-6860359_1280-1.jpg 1280w\" sizes=\"(max-width: 1024px) 100vw, 1024px\" \/>\t\t\t\t\t\t\t\t\t\t\t\t\t<\/div>\n\t\t\t\t<\/div>\n\t\t\t\t<div class=\"elementor-element elementor-element-aa473e7 exad-sticky-section-no exad-glass-effect-no elementor-invisible elementor-widget elementor-widget-heading\" data-id=\"aa473e7\" data-element_type=\"widget\" data-settings=\"{&quot;_animation&quot;:&quot;fadeIn&quot;,&quot;_animation_delay&quot;:100}\" data-widget_type=\"heading.default\">\n\t\t\t\t<div class=\"elementor-widget-container\">\n\t\t\t<h2 class=\"elementor-heading-title elementor-size-default\">A PROPOS DE CARGELS <\/h2>\t\t<\/div>\n\t\t\t\t<\/div>\n\t\t\t\t<div class=\"elementor-element elementor-element-0359db0 elementor-widget-divider--view-line exad-sticky-section-no exad-glass-effect-no elementor-invisible elementor-widget elementor-widget-divider\" data-id=\"0359db0\" data-element_type=\"widget\" data-settings=\"{&quot;_animation&quot;:&quot;fadeIn&quot;,&quot;_animation_delay&quot;:150}\" data-widget_type=\"divider.default\">\n\t\t\t\t<div class=\"elementor-widget-container\">\n\t\t\t\t\t<div class=\"elementor-divider\">\n\t\t\t<span class=\"elementor-divider-separator\">\n\t\t\t\t\t\t<\/span>\n\t\t<\/div>\n\t\t\t\t<\/div>\n\t\t\t\t<\/div>\n\t\t\t\t<div class=\"elementor-element elementor-element-4f8dc8e0 exad-sticky-section-no exad-glass-effect-no elementor-widget elementor-widget-heading\" data-id=\"4f8dc8e0\" data-element_type=\"widget\" data-widget_type=\"heading.default\">\n\t\t\t\t<div class=\"elementor-widget-container\">\n\t\t\t<h2 class=\"elementor-heading-title elementor-size-default\">CAGELS SARL propose des solutions innovantes et durables dans plusieurs domaines cl\u00e9s. L\u2019entreprise d\u00e9veloppe et installe des syst\u00e8mes photovolta\u00efques performants adapt\u00e9s aux diff\u00e9rents environnements, tout en respectant les normes environnementales et de s\u00e9curit\u00e9. Elle offre \u00e9galement des services de t\u00e9l\u00e9communication de pointe, exploitant les technologies num\u00e9riques et les r\u00e9seaux sans fil pour am\u00e9liorer la communication et la s\u00e9curit\u00e9. Par ailleurs, CAGELS SARL r\u00e9alise des projets de b\u00e2timent et de travaux publics en int\u00e9grant des solutions \u00e9co-responsables. Enfin, elle fournit des prestations en \u00e9lectricit\u00e9 et s\u00e9curit\u00e9 \u00e9lectronique, garantissant des installations fiables et s\u00e9curis\u00e9es.<\/h2>\t\t<\/div>\n\t\t\t\t<\/div>\n\t\t\t\t\t<\/div>\n\t\t<\/div>\n\t\t\t\t<div class=\"elementor-column elementor-col-50 elementor-top-column elementor-element elementor-element-46d0c61d exad-glass-effect-no exad-sticky-section-no\" data-id=\"46d0c61d\" data-element_type=\"column\">\n\t\t\t<div class=\"elementor-widget-wrap elementor-element-populated\">\n\t\t\t\t\t\t<div class=\"elementor-element elementor-element-14abd9f2 exad-sticky-section-no exad-glass-effect-no elementor-invisible elementor-widget elementor-widget-heading\" data-id=\"14abd9f2\" data-element_type=\"widget\" data-settings=\"{&quot;_animation&quot;:&quot;fadeIn&quot;,&quot;_animation_delay&quot;:100}\" data-widget_type=\"heading.default\">\n\t\t\t\t<div class=\"elementor-widget-container\">\n\t\t\t<h2 class=\"elementor-heading-title elementor-size-default\">NOTRE MISSION <\/h2>\t\t<\/div>\n\t\t\t\t<\/div>\n\t\t\t\t<div class=\"elementor-element elementor-element-357b9389 elementor-widget-divider--view-line exad-sticky-section-no exad-glass-effect-no elementor-invisible elementor-widget elementor-widget-divider\" data-id=\"357b9389\" data-element_type=\"widget\" data-settings=\"{&quot;_animation&quot;:&quot;fadeIn&quot;,&quot;_animation_delay&quot;:150}\" data-widget_type=\"divider.default\">\n\t\t\t\t<div class=\"elementor-widget-container\">\n\t\t\t\t\t<div class=\"elementor-divider\">\n\t\t\t<span class=\"elementor-divider-separator\">\n\t\t\t\t\t\t<\/span>\n\t\t<\/div>\n\t\t\t\t<\/div>\n\t\t\t\t<\/div>\n\t\t\t\t<div class=\"elementor-element elementor-element-679cc664 exad-sticky-section-no exad-glass-effect-no elementor-invisible elementor-widget elementor-widget-heading\" data-id=\"679cc664\" data-element_type=\"widget\" data-settings=\"{&quot;_animation&quot;:&quot;fadeIn&quot;,&quot;_animation_delay&quot;:200}\" data-widget_type=\"heading.default\">\n\t\t\t\t<div class=\"elementor-widget-container\">\n\t\t\t<h2 class=\"elementor-heading-title elementor-size-default\">CAGELS SARL d\u00e9veloppe et installe des syst\u00e8mes photovolta\u00efques performants, tout en respectant les normes environnementales. Elle assure la maintenance et l\u2019installation de sites de t\u00e9l\u00e9communication, r\u00e9alise des projets de BTP int\u00e9grant des solutions \u00e9co-responsables, et propose des prestations en \u00e9lectricit\u00e9 et s\u00e9curit\u00e9 \u00e9lectronique. L\u2019entreprise fabrique et vend des produits li\u00e9s \u00e0 l\u2019\u00e9nergie solaire, offre des services d\u2019audit et de conseil \u00e9nerg\u00e9tique, et s\u2019investit dans la recherche et le d\u00e9veloppement d\u2019innovations en \u00e9nergies renouvelables.<\/h2>\t\t<\/div>\n\t\t\t\t<\/div>\n\t\t\t\t<div class=\"elementor-element elementor-element-51a0f9e exad-sticky-section-no exad-glass-effect-no elementor-invisible elementor-widget elementor-widget-heading\" data-id=\"51a0f9e\" data-element_type=\"widget\" data-settings=\"{&quot;_animation&quot;:&quot;fadeIn&quot;,&quot;_animation_delay&quot;:100}\" data-widget_type=\"heading.default\">\n\t\t\t\t<div class=\"elementor-widget-container\">\n\t\t\t<h2 class=\"elementor-heading-title elementor-size-default\">NOS VALEURS <\/h2>\t\t<\/div>\n\t\t\t\t<\/div>\n\t\t\t\t<div class=\"elementor-element elementor-element-98c7416 elementor-widget-divider--view-line exad-sticky-section-no exad-glass-effect-no elementor-invisible elementor-widget elementor-widget-divider\" data-id=\"98c7416\" data-element_type=\"widget\" data-settings=\"{&quot;_animation&quot;:&quot;fadeIn&quot;,&quot;_animation_delay&quot;:150}\" data-widget_type=\"divider.default\">\n\t\t\t\t<div class=\"elementor-widget-container\">\n\t\t\t\t\t<div class=\"elementor-divider\">\n\t\t\t<span class=\"elementor-divider-separator\">\n\t\t\t\t\t\t<\/span>\n\t\t<\/div>\n\t\t\t\t<\/div>\n\t\t\t\t<\/div>\n\t\t\t\t<div class=\"elementor-element elementor-element-cd8fe8f elementor-icon-list--layout-traditional elementor-list-item-link-full_width exad-sticky-section-no exad-glass-effect-no elementor-widget elementor-widget-icon-list\" data-id=\"cd8fe8f\" data-element_type=\"widget\" data-settings=\"{&quot;_animation&quot;:&quot;none&quot;}\" data-widget_type=\"icon-list.default\">\n\t\t\t\t<div class=\"elementor-widget-container\">\n\t\t\t\t\t<ul class=\"elementor-icon-list-items\">\n\t\t\t\t\t\t\t<li class=\"elementor-icon-list-item\">\n\t\t\t\t\t\t\t\t\t\t\t<span class=\"elementor-icon-list-icon\">\n\t\t\t\t\t\t\t<i aria-hidden=\"true\" class=\"icon icon-checked\"><\/i>\t\t\t\t\t\t<\/span>\n\t\t\t\t\t\t\t\t\t\t<span class=\"elementor-icon-list-text\">L' int\u00e9grit\u00e9 <\/span>\n\t\t\t\t\t\t\t\t\t<\/li>\n\t\t\t\t\t\t\t\t<li class=\"elementor-icon-list-item\">\n\t\t\t\t\t\t\t\t\t\t\t<span class=\"elementor-icon-list-icon\">\n\t\t\t\t\t\t\t<i aria-hidden=\"true\" class=\"icon icon-checked\"><\/i>\t\t\t\t\t\t<\/span>\n\t\t\t\t\t\t\t\t\t\t<span class=\"elementor-icon-list-text\">L'Excellence<\/span>\n\t\t\t\t\t\t\t\t\t<\/li>\n\t\t\t\t\t\t\t\t<li class=\"elementor-icon-list-item\">\n\t\t\t\t\t\t\t\t\t\t\t<span class=\"elementor-icon-list-icon\">\n\t\t\t\t\t\t\t<i aria-hidden=\"true\" class=\"icon icon-checked\"><\/i>\t\t\t\t\t\t<\/span>\n\t\t\t\t\t\t\t\t\t\t<span class=\"elementor-icon-list-text\">L'innovation<\/span>\n\t\t\t\t\t\t\t\t\t<\/li>\n\t\t\t\t\t\t\t\t<li class=\"elementor-icon-list-item\">\n\t\t\t\t\t\t\t\t\t\t\t<span class=\"elementor-icon-list-icon\">\n\t\t\t\t\t\t\t<i aria-hidden=\"true\" class=\"icon icon-checked\"><\/i>\t\t\t\t\t\t<\/span>\n\t\t\t\t\t\t\t\t\t\t<span class=\"elementor-icon-list-text\">L'Engagement<\/span>\n\t\t\t\t\t\t\t\t\t<\/li>\n\t\t\t\t\t\t<\/ul>\n\t\t\t\t<\/div>\n\t\t\t\t<\/div>\n\t\t\t\t\t<\/div>\n\t\t<\/div>\n\t\t\t\t\t<\/div>\n\t\t<\/section>\n\t\t\t\t<\/div>\n\t\t","protected":false},"excerpt":{"rendered":"<p>A PROPOS DE CARGELS CAGELS SARL propose des solutions innovantes et durables dans plusieurs domaines cl\u00e9s. L\u2019entreprise d\u00e9veloppe et installe des syst\u00e8mes photovolta\u00efques performants adapt\u00e9s aux diff\u00e9rents environnements, tout en respectant les normes environnementales et de s\u00e9curit\u00e9. Elle offre \u00e9galement des services de t\u00e9l\u00e9communication de pointe, exploitant les technologies num\u00e9riques et les r\u00e9seaux sans fil pour am\u00e9liorer la communication et la s\u00e9curit\u00e9. Par ailleurs, CAGELS SARL r\u00e9alise des projets de b\u00e2timent et de travaux publics en int\u00e9grant des solutions \u00e9co-responsables. Enfin, elle fournit des prestations en \u00e9lectricit\u00e9 et s\u00e9curit\u00e9 \u00e9lectronique, garantissant des installations fiables et s\u00e9curis\u00e9es. NOTRE MISSION CAGELS SARL d\u00e9veloppe et installe des syst\u00e8mes photovolta\u00efques performants, tout en respectant les normes environnementales. Elle assure la maintenance et l\u2019installation de sites de t\u00e9l\u00e9communication, r\u00e9alise des projets de BTP int\u00e9grant des solutions \u00e9co-responsables, et propose des prestations en \u00e9lectricit\u00e9 et s\u00e9curit\u00e9 \u00e9lectronique. L\u2019entreprise fabrique et vend des produits li\u00e9s \u00e0 l\u2019\u00e9nergie solaire, offre des services d\u2019audit et de conseil \u00e9nerg\u00e9tique, et s\u2019investit dans la recherche et le d\u00e9veloppement d\u2019innovations en \u00e9nergies renouvelables. NOS VALEURS L&rsquo; int\u00e9grit\u00e9 L&rsquo;Excellence L&rsquo;innovation L&rsquo;Engagement<\/p>\n","protected":false},"author":1,"featured_media":0,"parent":0,"menu_order":0,"comment_status":"closed","ping_status":"closed","template":"","meta":{"site-sidebar-layout":"no-sidebar","site-content-layout":"","ast-site-content-layout":"full-width-container","site-content-style":"default","site-sidebar-style":"default","ast-global-header-display":"","ast-banner-title-visibility":"","ast-main-header-display":"","ast-hfb-above-header-display":"","ast-hfb-below-header-display":"","ast-hfb-mobile-header-display":"","site-post-title":"disabled","ast-breadcrumbs-content":"","ast-featured-img":"disabled","footer-sml-layout":"","theme-transparent-header-meta":"","adv-header-id-meta":"","stick-header-meta":"","header-above-stick-meta":"","header-main-stick-meta":"","header-below-stick-meta":"","astra-migrate-meta-layouts":"default","ast-page-background-enabled":"default","ast-page-background-meta":{"desktop":{"background-color":"var(--ast-global-color-4)","background-image":"","background-repeat":"repeat","background-position":"center center","background-size":"auto","background-attachment":"scroll","background-type":"","background-media":"","overlay-type":"","overlay-color":"","overlay-opacity":"","overlay-gradient":""},"tablet":{"background-color":"","background-image":"","background-repeat":"repeat","background-position":"center center","background-size":"auto","background-attachment":"scroll","background-type":"","background-media":"","overlay-type":"","overlay-color":"","overlay-opacity":"","overlay-gradient":""},"mobile":{"background-color":"","background-image":"","background-repeat":"repeat","background-position":"center center","background-size":"auto","background-attachment":"scroll","background-type":"","background-media":"","overlay-type":"","overlay-color":"","overlay-opacity":"","overlay-gradient":""}},"ast-content-background-meta":{"desktop":{"background-color":"var(--ast-global-color-5)","background-image":"","background-repeat":"repeat","background-position":"center center","background-size":"auto","background-attachment":"scroll","background-type":"","background-media":"","overlay-type":"","overlay-color":"","overlay-opacity":"","overlay-gradient":""},"tablet":{"background-color":"var(--ast-global-color-5)","background-image":"","background-repeat":"repeat","background-position":"center center","background-size":"auto","background-attachment":"scroll","background-type":"","background-media":"","overlay-type":"","overlay-color":"","overlay-opacity":"","overlay-gradient":""},"mobile":{"background-color":"var(--ast-global-color-5)","background-image":"","background-repeat":"repeat","background-position":"center center","background-size":"auto","background-attachment":"scroll","background-type":"","background-media":"","overlay-type":"","overlay-color":"","overlay-opacity":"","overlay-gradient":""}},"footnotes":""},"class_list":["post-332","page","type-page","status-publish","hentry"],"_links":{"self":[{"href":"https:\/\/cagels-ci.com\/index.php\/wp-json\/wp\/v2\/pages\/332","targetHints":{"allow":["GET"]}}],"collection":[{"href":"https:\/\/cagels-ci.com\/index.php\/wp-json\/wp\/v2\/pages"}],"about":[{"href":"https:\/\/cagels-ci.com\/index.php\/wp-json\/wp\/v2\/types\/page"}],"author":[{"embeddable":true,"href":"https:\/\/cagels-ci.com\/index.php\/wp-json\/wp\/v2\/users\/1"}],"replies":[{"embeddable":true,"href":"https:\/\/cagels-ci.com\/index.php\/wp-json\/wp\/v2\/comments?post=332"}],"version-history":[{"count":31,"href":"https:\/\/cagels-ci.com\/index.php\/wp-json\/wp\/v2\/pages\/332\/revisions"}],"predecessor-version":[{"id":1785,"href":"https:\/\/cagels-ci.com\/index.php\/wp-json\/wp\/v2\/pages\/332\/revisions\/1785"}],"wp:attachment":[{"href":"https:\/\/cagels-ci.com\/index.php\/wp-json\/wp\/v2\/media?parent=332"}],"curies":[{"name":"wp","href":"https:\/\/api.w.org\/{rel}","templated":true}]}}