{"id":40,"date":"2024-09-24T10:27:38","date_gmt":"2024-09-24T08:27:38","guid":{"rendered":"https:\/\/cagels-ci.com\/?page_id=40"},"modified":"2026-03-05T16:09:51","modified_gmt":"2026-03-05T15:09:51","slug":"logistique","status":"publish","type":"page","link":"https:\/\/cagels-ci.com\/index.php\/logistique\/","title":{"rendered":"Import-export"},"content":{"rendered":"\t\t<div data-elementor-type=\"wp-page\" data-elementor-id=\"40\" class=\"elementor elementor-40\">\n\t\t\t\t\t\t<section class=\"elementor-section elementor-top-section elementor-element elementor-element-6633cdc2 elementor-section-full_width elementor-section-stretched elementor-section-height-default elementor-section-height-default exad-glass-effect-no wpr-particle-no wpr-jarallax-no wpr-parallax-no wpr-sticky-section-no exad-sticky-section-no\" data-id=\"6633cdc2\" data-element_type=\"section\" data-settings=\"{&quot;stretch_section&quot;:&quot;section-stretched&quot;}\">\n\t\t\t\t\t\t<div class=\"elementor-container elementor-column-gap-default\">\n\t\t\t\t\t<div class=\"elementor-column elementor-col-50 elementor-top-column elementor-element elementor-element-2d2043d4 exad-glass-effect-no exad-sticky-section-no\" data-id=\"2d2043d4\" data-element_type=\"column\">\n\t\t\t<div class=\"elementor-widget-wrap elementor-element-populated\">\n\t\t\t\t\t\t<div class=\"elementor-element elementor-element-502240eb exad-sticky-section-no exad-glass-effect-no elementor-widget elementor-widget-heading\" data-id=\"502240eb\" data-element_type=\"widget\" data-widget_type=\"heading.default\">\n\t\t\t\t<div class=\"elementor-widget-container\">\n\t\t\t<h3 class=\"elementor-heading-title elementor-size-default\">Import-exmport<\/h3>\t\t<\/div>\n\t\t\t\t<\/div>\n\t\t\t\t<div class=\"elementor-element elementor-element-3ec313db exad-sticky-section-no exad-glass-effect-no elementor-widget elementor-widget-text-editor\" data-id=\"3ec313db\" data-element_type=\"widget\" data-widget_type=\"text-editor.default\">\n\t\t\t\t<div class=\"elementor-widget-container\">\n\t\t\t\t\t\t\t<p>CAGELS SARL facilite le commerce international en assurant l\u2019importation et l\u2019exportation de produits de qualit\u00e9, adapt\u00e9s aux besoins de ses clients et aux exigences des march\u00e9s. Gr\u00e2ce \u00e0 un r\u00e9seau de partenaires fiables et une logistique optimis\u00e9e, nous garantissons des transactions s\u00e9curis\u00e9es, des d\u00e9lais de livraison ma\u00eetris\u00e9s et une conformit\u00e9 aux r\u00e9glementations en vigueur. Que ce soit pour des \u00e9quipements industriels, des mat\u00e9riaux de construction, des produits technologiques ou des biens de consommation, nous accompagnons nos clients \u00e0 chaque \u00e9tape, de la s\u00e9lection des fournisseurs \u00e0 la gestion administrative et douani\u00e8re, afin d\u2019optimiser leurs op\u00e9rations commerciales et leur comp\u00e9titivit\u00e9.<\/p>\t\t\t\t\t\t<\/div>\n\t\t\t\t<\/div>\n\t\t\t\t\t<\/div>\n\t\t<\/div>\n\t\t\t\t<div class=\"elementor-column elementor-col-50 elementor-top-column elementor-element elementor-element-630bed5e exad-glass-effect-no exad-sticky-section-no\" data-id=\"630bed5e\" data-element_type=\"column\">\n\t\t\t<div class=\"elementor-widget-wrap elementor-element-populated\">\n\t\t\t\t\t\t<div class=\"elementor-element elementor-element-fe93203 exad-sticky-section-no exad-glass-effect-no elementor-widget elementor-widget-image\" data-id=\"fe93203\" data-element_type=\"widget\" data-widget_type=\"image.default\">\n\t\t\t\t<div class=\"elementor-widget-container\">\n\t\t\t\t\t\t\t\t\t\t\t\t\t<img fetchpriority=\"high\" decoding=\"async\" width=\"1024\" height=\"706\" src=\"https:\/\/cagels-ci.com\/wp-content\/uploads\/2025\/02\/container-6751623_1280-2-1024x706.jpg\" class=\"attachment-large size-large wp-image-1838\" alt=\"\" srcset=\"https:\/\/cagels-ci.com\/wp-content\/uploads\/2025\/02\/container-6751623_1280-2-1024x706.jpg 1024w, https:\/\/cagels-ci.com\/wp-content\/uploads\/2025\/02\/container-6751623_1280-2-300x207.jpg 300w, https:\/\/cagels-ci.com\/wp-content\/uploads\/2025\/02\/container-6751623_1280-2-768x529.jpg 768w, https:\/\/cagels-ci.com\/wp-content\/uploads\/2025\/02\/container-6751623_1280-2-200x138.jpg 200w, https:\/\/cagels-ci.com\/wp-content\/uploads\/2025\/02\/container-6751623_1280-2-600x413.jpg 600w, https:\/\/cagels-ci.com\/wp-content\/uploads\/2025\/02\/container-6751623_1280-2.jpg 1280w\" sizes=\"(max-width: 1024px) 100vw, 1024px\" \/>\t\t\t\t\t\t\t\t\t\t\t\t\t<\/div>\n\t\t\t\t<\/div>\n\t\t\t\t<div class=\"elementor-element elementor-element-306d1fa1 elementor-widget__width-initial elementor-absolute elementor-hidden-tablet elementor-hidden-mobile elementor-widget-divider--view-line exad-sticky-section-no exad-glass-effect-no elementor-widget elementor-widget-divider\" data-id=\"306d1fa1\" data-element_type=\"widget\" data-settings=\"{&quot;_position&quot;:&quot;absolute&quot;}\" data-widget_type=\"divider.default\">\n\t\t\t\t<div class=\"elementor-widget-container\">\n\t\t\t\t\t<div class=\"elementor-divider\">\n\t\t\t<span class=\"elementor-divider-separator\">\n\t\t\t\t\t\t<\/span>\n\t\t<\/div>\n\t\t\t\t<\/div>\n\t\t\t\t<\/div>\n\t\t\t\t\t<\/div>\n\t\t<\/div>\n\t\t\t\t\t<\/div>\n\t\t<\/section>\n\t\t\t\t<\/div>\n\t\t","protected":false},"excerpt":{"rendered":"<p>Import-exmport CAGELS SARL facilite le commerce international en assurant l\u2019importation et l\u2019exportation de produits de qualit\u00e9, adapt\u00e9s aux besoins de ses clients et aux exigences des march\u00e9s. Gr\u00e2ce \u00e0 un r\u00e9seau de partenaires fiables et une logistique optimis\u00e9e, nous garantissons des transactions s\u00e9curis\u00e9es, des d\u00e9lais de livraison ma\u00eetris\u00e9s et une conformit\u00e9 aux r\u00e9glementations en vigueur. Que ce soit pour des \u00e9quipements industriels, des mat\u00e9riaux de construction, des produits technologiques ou des biens de consommation, nous accompagnons nos clients \u00e0 chaque \u00e9tape, de la s\u00e9lection des fournisseurs \u00e0 la gestion administrative et douani\u00e8re, afin d\u2019optimiser leurs op\u00e9rations commerciales et leur comp\u00e9titivit\u00e9.<\/p>\n","protected":false},"author":1,"featured_media":0,"parent":0,"menu_order":0,"comment_status":"closed","ping_status":"closed","template":"","meta":{"site-sidebar-layout":"no-sidebar","site-content-layout":"","ast-site-content-layout":"full-width-container","site-content-style":"default","site-sidebar-style":"default","ast-global-header-display":"","ast-banner-title-visibility":"","ast-main-header-display":"","ast-hfb-above-header-display":"","ast-hfb-below-header-display":"","ast-hfb-mobile-header-display":"","site-post-title":"disabled","ast-breadcrumbs-content":"","ast-featured-img":"disabled","footer-sml-layout":"","theme-transparent-header-meta":"","adv-header-id-meta":"","stick-header-meta":"","header-above-stick-meta":"","header-main-stick-meta":"","header-below-stick-meta":"","astra-migrate-meta-layouts":"default","ast-page-background-enabled":"default","ast-page-background-meta":{"desktop":{"background-color":"var(--ast-global-color-4)","background-image":"","background-repeat":"repeat","background-position":"center center","background-size":"auto","background-attachment":"scroll","background-type":"","background-media":"","overlay-type":"","overlay-color":"","overlay-opacity":"","overlay-gradient":""},"tablet":{"background-color":"","background-image":"","background-repeat":"repeat","background-position":"center center","background-size":"auto","background-attachment":"scroll","background-type":"","background-media":"","overlay-type":"","overlay-color":"","overlay-opacity":"","overlay-gradient":""},"mobile":{"background-color":"","background-image":"","background-repeat":"repeat","background-position":"center center","background-size":"auto","background-attachment":"scroll","background-type":"","background-media":"","overlay-type":"","overlay-color":"","overlay-opacity":"","overlay-gradient":""}},"ast-content-background-meta":{"desktop":{"background-color":"var(--ast-global-color-5)","background-image":"","background-repeat":"repeat","background-position":"center center","background-size":"auto","background-attachment":"scroll","background-type":"","background-media":"","overlay-type":"","overlay-color":"","overlay-opacity":"","overlay-gradient":""},"tablet":{"background-color":"var(--ast-global-color-5)","background-image":"","background-repeat":"repeat","background-position":"center center","background-size":"auto","background-attachment":"scroll","background-type":"","background-media":"","overlay-type":"","overlay-color":"","overlay-opacity":"","overlay-gradient":""},"mobile":{"background-color":"var(--ast-global-color-5)","background-image":"","background-repeat":"repeat","background-position":"center center","background-size":"auto","background-attachment":"scroll","background-type":"","background-media":"","overlay-type":"","overlay-color":"","overlay-opacity":"","overlay-gradient":""}},"footnotes":""},"class_list":["post-40","page","type-page","status-publish","hentry"],"_links":{"self":[{"href":"https:\/\/cagels-ci.com\/index.php\/wp-json\/wp\/v2\/pages\/40","targetHints":{"allow":["GET"]}}],"collection":[{"href":"https:\/\/cagels-ci.com\/index.php\/wp-json\/wp\/v2\/pages"}],"about":[{"href":"https:\/\/cagels-ci.com\/index.php\/wp-json\/wp\/v2\/types\/page"}],"author":[{"embeddable":true,"href":"https:\/\/cagels-ci.com\/index.php\/wp-json\/wp\/v2\/users\/1"}],"replies":[{"embeddable":true,"href":"https:\/\/cagels-ci.com\/index.php\/wp-json\/wp\/v2\/comments?post=40"}],"version-history":[{"count":11,"href":"https:\/\/cagels-ci.com\/index.php\/wp-json\/wp\/v2\/pages\/40\/revisions"}],"predecessor-version":[{"id":2289,"href":"https:\/\/cagels-ci.com\/index.php\/wp-json\/wp\/v2\/pages\/40\/revisions\/2289"}],"wp:attachment":[{"href":"https:\/\/cagels-ci.com\/index.php\/wp-json\/wp\/v2\/media?parent=40"}],"curies":[{"name":"wp","href":"https:\/\/api.w.org\/{rel}","templated":true}]}}