{"id":42,"date":"2024-09-24T10:28:40","date_gmt":"2024-09-24T08:28:40","guid":{"rendered":"https:\/\/cagels-ci.com\/?page_id=42"},"modified":"2026-03-05T12:59:26","modified_gmt":"2026-03-05T11:59:26","slug":"fournitures-de-materiels-et-mobiliers-de-bureau","status":"publish","type":"page","link":"https:\/\/cagels-ci.com\/index.php\/fournitures-de-materiels-et-mobiliers-de-bureau\/","title":{"rendered":"Construction BTP &#038; travaux publics"},"content":{"rendered":"\t\t<div data-elementor-type=\"wp-page\" data-elementor-id=\"42\" class=\"elementor elementor-42\">\n\t\t\t\t\t\t<section class=\"elementor-section elementor-top-section elementor-element elementor-element-6225aa95 elementor-section-full_width elementor-section-stretched elementor-section-height-default elementor-section-height-default exad-glass-effect-no wpr-particle-no wpr-jarallax-no wpr-parallax-no wpr-sticky-section-no exad-sticky-section-no\" data-id=\"6225aa95\" data-element_type=\"section\" data-settings=\"{&quot;stretch_section&quot;:&quot;section-stretched&quot;}\">\n\t\t\t\t\t\t<div class=\"elementor-container elementor-column-gap-default\">\n\t\t\t\t\t<div class=\"elementor-column elementor-col-50 elementor-top-column elementor-element elementor-element-1ca82a97 exad-glass-effect-no exad-sticky-section-no\" data-id=\"1ca82a97\" data-element_type=\"column\">\n\t\t\t<div class=\"elementor-widget-wrap elementor-element-populated\">\n\t\t\t\t\t\t<div class=\"elementor-element elementor-element-1f372687 exad-sticky-section-no exad-glass-effect-no elementor-widget elementor-widget-heading\" data-id=\"1f372687\" data-element_type=\"widget\" data-widget_type=\"heading.default\">\n\t\t\t\t<div class=\"elementor-widget-container\">\n\t\t\t<h3 class=\"elementor-heading-title elementor-size-default\">B\u00e2timent et Travaux Publics (BTP)<\/h3>\t\t<\/div>\n\t\t\t\t<\/div>\n\t\t\t\t<div class=\"elementor-element elementor-element-2379c130 exad-sticky-section-no exad-glass-effect-no elementor-widget elementor-widget-text-editor\" data-id=\"2379c130\" data-element_type=\"widget\" data-widget_type=\"text-editor.default\">\n\t\t\t\t<div class=\"elementor-widget-container\">\n\t\t\t\t\t\t\t<p>CAGELS SARL con\u00e7oit et r\u00e9alise des projets de b\u00e2timent et de travaux publics en int\u00e9grant une approche moderne, durable et adapt\u00e9e aux sp\u00e9cificit\u00e9s architecturales, culturelles et sociales de chaque territoire. Nous mettons un point d&rsquo;honneur \u00e0 utiliser des mat\u00e9riaux de qualit\u00e9 et \u00e0 appliquer des techniques de construction respectueuses de l\u2019environnement. Nos solutions \u00e9co-responsables et \u00e9nerg\u00e9tiquement efficaces garantissent des infrastructures solides, fonctionnelles et durables. Que ce soit pour des b\u00e2timents r\u00e9sidentiels, commerciaux ou industriels, nous accompagnons nos clients \u00e0 chaque \u00e9tape, de la conception \u00e0 la livraison, en assurant innovation, conformit\u00e9 aux normes et optimisation des co\u00fbts.<\/p>\t\t\t\t\t\t<\/div>\n\t\t\t\t<\/div>\n\t\t\t\t\t<\/div>\n\t\t<\/div>\n\t\t\t\t<div class=\"elementor-column elementor-col-50 elementor-top-column elementor-element elementor-element-d39b9fd exad-glass-effect-no exad-sticky-section-no\" data-id=\"d39b9fd\" data-element_type=\"column\">\n\t\t\t<div class=\"elementor-widget-wrap elementor-element-populated\">\n\t\t\t\t\t\t<div class=\"elementor-element elementor-element-55a78686 exad-sticky-section-no exad-glass-effect-no elementor-widget elementor-widget-image\" data-id=\"55a78686\" data-element_type=\"widget\" data-widget_type=\"image.default\">\n\t\t\t\t<div class=\"elementor-widget-container\">\n\t\t\t\t\t\t\t\t\t\t\t\t\t<img fetchpriority=\"high\" decoding=\"async\" width=\"586\" height=\"1024\" src=\"https:\/\/cagels-ci.com\/wp-content\/uploads\/2026\/03\/Screenshot_20230805-190642-586x1024.jpg\" class=\"attachment-large size-large wp-image-2280\" alt=\"\" srcset=\"https:\/\/cagels-ci.com\/wp-content\/uploads\/2026\/03\/Screenshot_20230805-190642-586x1024.jpg 586w, https:\/\/cagels-ci.com\/wp-content\/uploads\/2026\/03\/Screenshot_20230805-190642-172x300.jpg 172w, https:\/\/cagels-ci.com\/wp-content\/uploads\/2026\/03\/Screenshot_20230805-190642-600x1048.jpg 600w, https:\/\/cagels-ci.com\/wp-content\/uploads\/2026\/03\/Screenshot_20230805-190642.jpg 720w\" sizes=\"(max-width: 586px) 100vw, 586px\" \/>\t\t\t\t\t\t\t\t\t\t\t\t\t<\/div>\n\t\t\t\t<\/div>\n\t\t\t\t<div class=\"elementor-element elementor-element-40cabe22 elementor-widget__width-initial elementor-absolute elementor-hidden-tablet elementor-hidden-mobile elementor-widget-divider--view-line exad-sticky-section-no exad-glass-effect-no elementor-widget elementor-widget-divider\" data-id=\"40cabe22\" data-element_type=\"widget\" data-settings=\"{&quot;_position&quot;:&quot;absolute&quot;}\" data-widget_type=\"divider.default\">\n\t\t\t\t<div class=\"elementor-widget-container\">\n\t\t\t\t\t<div class=\"elementor-divider\">\n\t\t\t<span class=\"elementor-divider-separator\">\n\t\t\t\t\t\t<\/span>\n\t\t<\/div>\n\t\t\t\t<\/div>\n\t\t\t\t<\/div>\n\t\t\t\t\t<\/div>\n\t\t<\/div>\n\t\t\t\t\t<\/div>\n\t\t<\/section>\n\t\t\t\t<\/div>\n\t\t","protected":false},"excerpt":{"rendered":"<p>B\u00e2timent et Travaux Publics (BTP) CAGELS SARL con\u00e7oit et r\u00e9alise des projets de b\u00e2timent et de travaux publics en int\u00e9grant une approche moderne, durable et adapt\u00e9e aux sp\u00e9cificit\u00e9s architecturales, culturelles et sociales de chaque territoire. Nous mettons un point d&rsquo;honneur \u00e0 utiliser des mat\u00e9riaux de qualit\u00e9 et \u00e0 appliquer des techniques de construction respectueuses de l\u2019environnement. Nos solutions \u00e9co-responsables et \u00e9nerg\u00e9tiquement efficaces garantissent des infrastructures solides, fonctionnelles et durables. Que ce soit pour des b\u00e2timents r\u00e9sidentiels, commerciaux ou industriels, nous accompagnons nos clients \u00e0 chaque \u00e9tape, de la conception \u00e0 la livraison, en assurant innovation, conformit\u00e9 aux normes et optimisation des co\u00fbts.<\/p>\n","protected":false},"author":1,"featured_media":0,"parent":0,"menu_order":0,"comment_status":"closed","ping_status":"closed","template":"","meta":{"site-sidebar-layout":"no-sidebar","site-content-layout":"","ast-site-content-layout":"full-width-container","site-content-style":"default","site-sidebar-style":"default","ast-global-header-display":"","ast-banner-title-visibility":"","ast-main-header-display":"","ast-hfb-above-header-display":"","ast-hfb-below-header-display":"","ast-hfb-mobile-header-display":"","site-post-title":"disabled","ast-breadcrumbs-content":"","ast-featured-img":"disabled","footer-sml-layout":"","theme-transparent-header-meta":"","adv-header-id-meta":"","stick-header-meta":"","header-above-stick-meta":"","header-main-stick-meta":"","header-below-stick-meta":"","astra-migrate-meta-layouts":"default","ast-page-background-enabled":"default","ast-page-background-meta":{"desktop":{"background-color":"var(--ast-global-color-4)","background-image":"","background-repeat":"repeat","background-position":"center center","background-size":"auto","background-attachment":"scroll","background-type":"","background-media":"","overlay-type":"","overlay-color":"","overlay-opacity":"","overlay-gradient":""},"tablet":{"background-color":"","background-image":"","background-repeat":"repeat","background-position":"center center","background-size":"auto","background-attachment":"scroll","background-type":"","background-media":"","overlay-type":"","overlay-color":"","overlay-opacity":"","overlay-gradient":""},"mobile":{"background-color":"","background-image":"","background-repeat":"repeat","background-position":"center center","background-size":"auto","background-attachment":"scroll","background-type":"","background-media":"","overlay-type":"","overlay-color":"","overlay-opacity":"","overlay-gradient":""}},"ast-content-background-meta":{"desktop":{"background-color":"var(--ast-global-color-5)","background-image":"","background-repeat":"repeat","background-position":"center center","background-size":"auto","background-attachment":"scroll","background-type":"","background-media":"","overlay-type":"","overlay-color":"","overlay-opacity":"","overlay-gradient":""},"tablet":{"background-color":"var(--ast-global-color-5)","background-image":"","background-repeat":"repeat","background-position":"center center","background-size":"auto","background-attachment":"scroll","background-type":"","background-media":"","overlay-type":"","overlay-color":"","overlay-opacity":"","overlay-gradient":""},"mobile":{"background-color":"var(--ast-global-color-5)","background-image":"","background-repeat":"repeat","background-position":"center center","background-size":"auto","background-attachment":"scroll","background-type":"","background-media":"","overlay-type":"","overlay-color":"","overlay-opacity":"","overlay-gradient":""}},"footnotes":""},"class_list":["post-42","page","type-page","status-publish","hentry"],"_links":{"self":[{"href":"https:\/\/cagels-ci.com\/index.php\/wp-json\/wp\/v2\/pages\/42","targetHints":{"allow":["GET"]}}],"collection":[{"href":"https:\/\/cagels-ci.com\/index.php\/wp-json\/wp\/v2\/pages"}],"about":[{"href":"https:\/\/cagels-ci.com\/index.php\/wp-json\/wp\/v2\/types\/page"}],"author":[{"embeddable":true,"href":"https:\/\/cagels-ci.com\/index.php\/wp-json\/wp\/v2\/users\/1"}],"replies":[{"embeddable":true,"href":"https:\/\/cagels-ci.com\/index.php\/wp-json\/wp\/v2\/comments?post=42"}],"version-history":[{"count":32,"href":"https:\/\/cagels-ci.com\/index.php\/wp-json\/wp\/v2\/pages\/42\/revisions"}],"predecessor-version":[{"id":2283,"href":"https:\/\/cagels-ci.com\/index.php\/wp-json\/wp\/v2\/pages\/42\/revisions\/2283"}],"wp:attachment":[{"href":"https:\/\/cagels-ci.com\/index.php\/wp-json\/wp\/v2\/media?parent=42"}],"curies":[{"name":"wp","href":"https:\/\/api.w.org\/{rel}","templated":true}]}}