{"id":46,"date":"2024-09-24T10:50:30","date_gmt":"2024-09-24T08:50:30","guid":{"rendered":"https:\/\/cagels-ci.com\/?page_id=46"},"modified":"2026-03-04T16:31:18","modified_gmt":"2026-03-04T15:31:18","slug":"commerce-general","status":"publish","type":"page","link":"https:\/\/cagels-ci.com\/index.php\/commerce-general\/","title":{"rendered":"Energie solaire"},"content":{"rendered":"\t\t<div data-elementor-type=\"wp-page\" data-elementor-id=\"46\" class=\"elementor elementor-46\">\n\t\t\t\t\t\t<section class=\"elementor-section elementor-top-section elementor-element elementor-element-3ddac12b elementor-section-full_width elementor-section-stretched elementor-section-height-default elementor-section-height-default exad-glass-effect-no wpr-particle-no wpr-jarallax-no wpr-parallax-no wpr-sticky-section-no exad-sticky-section-no\" data-id=\"3ddac12b\" data-element_type=\"section\" data-settings=\"{&quot;stretch_section&quot;:&quot;section-stretched&quot;}\">\n\t\t\t\t\t\t<div class=\"elementor-container elementor-column-gap-default\">\n\t\t\t\t\t<div class=\"elementor-column elementor-col-50 elementor-top-column elementor-element elementor-element-59bc7cae exad-glass-effect-no exad-sticky-section-no\" data-id=\"59bc7cae\" data-element_type=\"column\">\n\t\t\t<div class=\"elementor-widget-wrap elementor-element-populated\">\n\t\t\t\t\t\t<div class=\"elementor-element elementor-element-122721c3 exad-sticky-section-no exad-glass-effect-no elementor-widget elementor-widget-heading\" data-id=\"122721c3\" data-element_type=\"widget\" data-widget_type=\"heading.default\">\n\t\t\t\t<div class=\"elementor-widget-container\">\n\t\t\t<h3 class=\"elementor-heading-title elementor-size-default\">Energie solaire<\/h3>\t\t<\/div>\n\t\t\t\t<\/div>\n\t\t\t\t<div class=\"elementor-element elementor-element-6b52534d exad-sticky-section-no exad-glass-effect-no elementor-widget elementor-widget-text-editor\" data-id=\"6b52534d\" data-element_type=\"widget\" data-widget_type=\"text-editor.default\">\n\t\t\t\t<div class=\"elementor-widget-container\">\n\t\t\t\t\t\t\t<p>CAGELS SARL propose des solutions photovolta\u00efques innovantes et adapt\u00e9es aux divers environnements g\u00e9ographiques et climatiques. Nous concevons, installons et optimisons des syst\u00e8mes solaires performants pour assurer une production d\u2019\u00e9nergie fiable et durable. En utilisant des mat\u00e9riaux de haute qualit\u00e9 et en respectant rigoureusement les normes environnementales et de s\u00e9curit\u00e9, nous garantissons des installations robustes, efficaces et \u00e9conomiquement viables. Que ce soit pour des besoins r\u00e9sidentiels, industriels ou commerciaux, nous accompagnons nos clients avec des conseils experts, des \u00e9tudes personnalis\u00e9es et un service apr\u00e8s-vente r\u00e9actif, afin de maximiser l\u2019efficacit\u00e9 \u00e9nerg\u00e9tique et la rentabilit\u00e9 de chaque projet solaire.<\/p>\t\t\t\t\t\t<\/div>\n\t\t\t\t<\/div>\n\t\t\t\t\t<\/div>\n\t\t<\/div>\n\t\t\t\t<div class=\"elementor-column elementor-col-50 elementor-top-column elementor-element elementor-element-475f5255 exad-glass-effect-no exad-sticky-section-no\" data-id=\"475f5255\" data-element_type=\"column\">\n\t\t\t<div class=\"elementor-widget-wrap elementor-element-populated\">\n\t\t\t\t\t\t<div class=\"elementor-element elementor-element-4346cc0 exad-sticky-section-no exad-glass-effect-no elementor-widget elementor-widget-image\" data-id=\"4346cc0\" data-element_type=\"widget\" data-widget_type=\"image.default\">\n\t\t\t\t<div class=\"elementor-widget-container\">\n\t\t\t\t\t\t\t\t\t\t\t\t\t<img fetchpriority=\"high\" decoding=\"async\" width=\"1024\" height=\"682\" src=\"https:\/\/cagels-ci.com\/wp-content\/uploads\/2025\/02\/panel-2562239_1280-1024x682.jpg\" class=\"attachment-large size-large wp-image-1277\" alt=\"\" srcset=\"https:\/\/cagels-ci.com\/wp-content\/uploads\/2025\/02\/panel-2562239_1280-1024x682.jpg 1024w, https:\/\/cagels-ci.com\/wp-content\/uploads\/2025\/02\/panel-2562239_1280-300x200.jpg 300w, https:\/\/cagels-ci.com\/wp-content\/uploads\/2025\/02\/panel-2562239_1280-768x512.jpg 768w, https:\/\/cagels-ci.com\/wp-content\/uploads\/2025\/02\/panel-2562239_1280-200x133.jpg 200w, https:\/\/cagels-ci.com\/wp-content\/uploads\/2025\/02\/panel-2562239_1280-600x400.jpg 600w, https:\/\/cagels-ci.com\/wp-content\/uploads\/2025\/02\/panel-2562239_1280.jpg 1280w\" sizes=\"(max-width: 1024px) 100vw, 1024px\" \/>\t\t\t\t\t\t\t\t\t\t\t\t\t<\/div>\n\t\t\t\t<\/div>\n\t\t\t\t<div class=\"elementor-element elementor-element-596b6698 elementor-widget__width-initial elementor-absolute elementor-hidden-tablet elementor-hidden-mobile elementor-widget-divider--view-line exad-sticky-section-no exad-glass-effect-no elementor-widget elementor-widget-divider\" data-id=\"596b6698\" data-element_type=\"widget\" data-settings=\"{&quot;_position&quot;:&quot;absolute&quot;}\" data-widget_type=\"divider.default\">\n\t\t\t\t<div class=\"elementor-widget-container\">\n\t\t\t\t\t<div class=\"elementor-divider\">\n\t\t\t<span class=\"elementor-divider-separator\">\n\t\t\t\t\t\t<\/span>\n\t\t<\/div>\n\t\t\t\t<\/div>\n\t\t\t\t<\/div>\n\t\t\t\t\t<\/div>\n\t\t<\/div>\n\t\t\t\t\t<\/div>\n\t\t<\/section>\n\t\t\t\t<\/div>\n\t\t","protected":false},"excerpt":{"rendered":"<p>Energie solaire CAGELS SARL propose des solutions photovolta\u00efques innovantes et adapt\u00e9es aux divers environnements g\u00e9ographiques et climatiques. Nous concevons, installons et optimisons des syst\u00e8mes solaires performants pour assurer une production d\u2019\u00e9nergie fiable et durable. En utilisant des mat\u00e9riaux de haute qualit\u00e9 et en respectant rigoureusement les normes environnementales et de s\u00e9curit\u00e9, nous garantissons des installations robustes, efficaces et \u00e9conomiquement viables. Que ce soit pour des besoins r\u00e9sidentiels, industriels ou commerciaux, nous accompagnons nos clients avec des conseils experts, des \u00e9tudes personnalis\u00e9es et un service apr\u00e8s-vente r\u00e9actif, afin de maximiser l\u2019efficacit\u00e9 \u00e9nerg\u00e9tique et la rentabilit\u00e9 de chaque projet solaire.<\/p>\n","protected":false},"author":1,"featured_media":0,"parent":0,"menu_order":0,"comment_status":"closed","ping_status":"closed","template":"","meta":{"site-sidebar-layout":"no-sidebar","site-content-layout":"","ast-site-content-layout":"full-width-container","site-content-style":"default","site-sidebar-style":"default","ast-global-header-display":"","ast-banner-title-visibility":"","ast-main-header-display":"","ast-hfb-above-header-display":"","ast-hfb-below-header-display":"","ast-hfb-mobile-header-display":"","site-post-title":"disabled","ast-breadcrumbs-content":"","ast-featured-img":"disabled","footer-sml-layout":"","theme-transparent-header-meta":"","adv-header-id-meta":"","stick-header-meta":"","header-above-stick-meta":"","header-main-stick-meta":"","header-below-stick-meta":"","astra-migrate-meta-layouts":"default","ast-page-background-enabled":"default","ast-page-background-meta":{"desktop":{"background-color":"var(--ast-global-color-4)","background-image":"","background-repeat":"repeat","background-position":"center center","background-size":"auto","background-attachment":"scroll","background-type":"","background-media":"","overlay-type":"","overlay-color":"","overlay-opacity":"","overlay-gradient":""},"tablet":{"background-color":"","background-image":"","background-repeat":"repeat","background-position":"center center","background-size":"auto","background-attachment":"scroll","background-type":"","background-media":"","overlay-type":"","overlay-color":"","overlay-opacity":"","overlay-gradient":""},"mobile":{"background-color":"","background-image":"","background-repeat":"repeat","background-position":"center center","background-size":"auto","background-attachment":"scroll","background-type":"","background-media":"","overlay-type":"","overlay-color":"","overlay-opacity":"","overlay-gradient":""}},"ast-content-background-meta":{"desktop":{"background-color":"var(--ast-global-color-5)","background-image":"","background-repeat":"repeat","background-position":"center center","background-size":"auto","background-attachment":"scroll","background-type":"","background-media":"","overlay-type":"","overlay-color":"","overlay-opacity":"","overlay-gradient":""},"tablet":{"background-color":"var(--ast-global-color-5)","background-image":"","background-repeat":"repeat","background-position":"center center","background-size":"auto","background-attachment":"scroll","background-type":"","background-media":"","overlay-type":"","overlay-color":"","overlay-opacity":"","overlay-gradient":""},"mobile":{"background-color":"var(--ast-global-color-5)","background-image":"","background-repeat":"repeat","background-position":"center center","background-size":"auto","background-attachment":"scroll","background-type":"","background-media":"","overlay-type":"","overlay-color":"","overlay-opacity":"","overlay-gradient":""}},"footnotes":""},"class_list":["post-46","page","type-page","status-publish","hentry"],"_links":{"self":[{"href":"https:\/\/cagels-ci.com\/index.php\/wp-json\/wp\/v2\/pages\/46","targetHints":{"allow":["GET"]}}],"collection":[{"href":"https:\/\/cagels-ci.com\/index.php\/wp-json\/wp\/v2\/pages"}],"about":[{"href":"https:\/\/cagels-ci.com\/index.php\/wp-json\/wp\/v2\/types\/page"}],"author":[{"embeddable":true,"href":"https:\/\/cagels-ci.com\/index.php\/wp-json\/wp\/v2\/users\/1"}],"replies":[{"embeddable":true,"href":"https:\/\/cagels-ci.com\/index.php\/wp-json\/wp\/v2\/comments?post=46"}],"version-history":[{"count":86,"href":"https:\/\/cagels-ci.com\/index.php\/wp-json\/wp\/v2\/pages\/46\/revisions"}],"predecessor-version":[{"id":2276,"href":"https:\/\/cagels-ci.com\/index.php\/wp-json\/wp\/v2\/pages\/46\/revisions\/2276"}],"wp:attachment":[{"href":"https:\/\/cagels-ci.com\/index.php\/wp-json\/wp\/v2\/media?parent=46"}],"curies":[{"name":"wp","href":"https:\/\/api.w.org\/{rel}","templated":true}]}}