{"id":99,"date":"2024-09-24T11:42:17","date_gmt":"2024-09-24T09:42:17","guid":{"rendered":"https:\/\/cagels-ci.com\/?page_id=99"},"modified":"2026-03-05T16:36:43","modified_gmt":"2026-03-05T15:36:43","slug":"materiels-et-mobiliers-de-bureau","status":"publish","type":"page","link":"https:\/\/cagels-ci.com\/index.php\/materiels-et-mobiliers-de-bureau\/","title":{"rendered":"T\u00e9l\u00e9coms s\u00e9curit\u00e9 \u00e9lectronique"},"content":{"rendered":"\t\t<div data-elementor-type=\"wp-page\" data-elementor-id=\"99\" class=\"elementor elementor-99\">\n\t\t\t\t<div class=\"elementor-element elementor-element-45cae1d e-con-full e-flex wpr-particle-no wpr-jarallax-no wpr-parallax-no wpr-sticky-section-no e-con e-parent\" data-id=\"45cae1d\" data-element_type=\"container\">\n\t\t<div class=\"elementor-element elementor-element-061e6e5 e-con-full e-flex wpr-particle-no wpr-jarallax-no wpr-parallax-no wpr-sticky-section-no e-con e-child\" data-id=\"061e6e5\" data-element_type=\"container\">\n\t\t\t\t<div class=\"elementor-element elementor-element-a0298bf exad-sticky-section-no exad-glass-effect-no elementor-widget elementor-widget-heading\" data-id=\"a0298bf\" data-element_type=\"widget\" data-widget_type=\"heading.default\">\n\t\t\t\t<div class=\"elementor-widget-container\">\n\t\t\t<h2 class=\"elementor-heading-title elementor-size-default\">S\u00e9curit\u00e9 \u00c9lectronique et T\u00e9l\u00e9coms<\/h2>\t\t<\/div>\n\t\t\t\t<\/div>\n\t\t\t\t<div class=\"elementor-element elementor-element-553085b exad-sticky-section-no exad-glass-effect-no elementor-widget elementor-widget-text-editor\" data-id=\"553085b\" data-element_type=\"widget\" data-widget_type=\"text-editor.default\">\n\t\t\t\t<div class=\"elementor-widget-container\">\n\t\t\t\t\t\t\t<p>CAGELS SARL propose des solutions de s\u00e9curit\u00e9 \u00e9lectronique et de t\u00e9l\u00e9communications adapt\u00e9es aux besoins des entreprises et des particuliers. Nous installons et entretenons des syst\u00e8mes de vid\u00e9osurveillance, de contr\u00f4le d\u2019acc\u00e8s et d\u2019alarme, garantissant une protection optimale gr\u00e2ce aux technologies les plus avanc\u00e9es. En t\u00e9l\u00e9communications, nous assurons l\u2019entretien des infrastructures et des \u00e9quipements, tout en fournissant des solutions \u00e9nerg\u00e9tiques fiables pour garantir un fonctionnement continu. Gr\u00e2ce \u00e0 notre expertise, nous offrons des services alliant performance, durabilit\u00e9 et innovation, assurant ainsi une connectivit\u00e9 optimale et une s\u00e9curit\u00e9 renforc\u00e9e pour tous nos clients.<\/p>\t\t\t\t\t\t<\/div>\n\t\t\t\t<\/div>\n\t\t\t\t<\/div>\n\t\t<div class=\"elementor-element elementor-element-245b3d0 e-con-full e-flex wpr-particle-no wpr-jarallax-no wpr-parallax-no wpr-sticky-section-no e-con e-child\" data-id=\"245b3d0\" data-element_type=\"container\">\n\t\t\t\t<div class=\"elementor-element elementor-element-3aee02c exad-sticky-section-no exad-glass-effect-no elementor-widget elementor-widget-image\" data-id=\"3aee02c\" data-element_type=\"widget\" data-widget_type=\"image.default\">\n\t\t\t\t<div class=\"elementor-widget-container\">\n\t\t\t\t\t\t\t\t\t\t\t\t\t<img fetchpriority=\"high\" decoding=\"async\" width=\"576\" height=\"1024\" src=\"https:\/\/cagels-ci.com\/wp-content\/uploads\/2026\/03\/IMG-20240921-WA0007-576x1024.jpg\" class=\"attachment-large size-large wp-image-2302\" alt=\"\" srcset=\"https:\/\/cagels-ci.com\/wp-content\/uploads\/2026\/03\/IMG-20240921-WA0007-576x1024.jpg 576w, https:\/\/cagels-ci.com\/wp-content\/uploads\/2026\/03\/IMG-20240921-WA0007-169x300.jpg 169w, https:\/\/cagels-ci.com\/wp-content\/uploads\/2026\/03\/IMG-20240921-WA0007-600x1068.jpg 600w, https:\/\/cagels-ci.com\/wp-content\/uploads\/2026\/03\/IMG-20240921-WA0007.jpg 607w\" sizes=\"(max-width: 576px) 100vw, 576px\" \/>\t\t\t\t\t\t\t\t\t\t\t\t\t<\/div>\n\t\t\t\t<\/div>\n\t\t\t\t<\/div>\n\t\t\t\t<\/div>\n\t\t\t\t<\/div>\n\t\t","protected":false},"excerpt":{"rendered":"<p>S\u00e9curit\u00e9 \u00c9lectronique et T\u00e9l\u00e9coms CAGELS SARL propose des solutions de s\u00e9curit\u00e9 \u00e9lectronique et de t\u00e9l\u00e9communications adapt\u00e9es aux besoins des entreprises et des particuliers. Nous installons et entretenons des syst\u00e8mes de vid\u00e9osurveillance, de contr\u00f4le d\u2019acc\u00e8s et d\u2019alarme, garantissant une protection optimale gr\u00e2ce aux technologies les plus avanc\u00e9es. En t\u00e9l\u00e9communications, nous assurons l\u2019entretien des infrastructures et des \u00e9quipements, tout en fournissant des solutions \u00e9nerg\u00e9tiques fiables pour garantir un fonctionnement continu. Gr\u00e2ce \u00e0 notre expertise, nous offrons des services alliant performance, durabilit\u00e9 et innovation, assurant ainsi une connectivit\u00e9 optimale et une s\u00e9curit\u00e9 renforc\u00e9e pour tous nos clients.<\/p>\n","protected":false},"author":1,"featured_media":0,"parent":0,"menu_order":0,"comment_status":"closed","ping_status":"closed","template":"","meta":{"site-sidebar-layout":"no-sidebar","site-content-layout":"","ast-site-content-layout":"full-width-container","site-content-style":"default","site-sidebar-style":"default","ast-global-header-display":"","ast-banner-title-visibility":"","ast-main-header-display":"","ast-hfb-above-header-display":"","ast-hfb-below-header-display":"","ast-hfb-mobile-header-display":"","site-post-title":"disabled","ast-breadcrumbs-content":"","ast-featured-img":"disabled","footer-sml-layout":"","theme-transparent-header-meta":"","adv-header-id-meta":"","stick-header-meta":"","header-above-stick-meta":"","header-main-stick-meta":"","header-below-stick-meta":"","astra-migrate-meta-layouts":"default","ast-page-background-enabled":"default","ast-page-background-meta":{"desktop":{"background-color":"var(--ast-global-color-4)","background-image":"","background-repeat":"repeat","background-position":"center center","background-size":"auto","background-attachment":"scroll","background-type":"","background-media":"","overlay-type":"","overlay-color":"","overlay-opacity":"","overlay-gradient":""},"tablet":{"background-color":"","background-image":"","background-repeat":"repeat","background-position":"center center","background-size":"auto","background-attachment":"scroll","background-type":"","background-media":"","overlay-type":"","overlay-color":"","overlay-opacity":"","overlay-gradient":""},"mobile":{"background-color":"","background-image":"","background-repeat":"repeat","background-position":"center center","background-size":"auto","background-attachment":"scroll","background-type":"","background-media":"","overlay-type":"","overlay-color":"","overlay-opacity":"","overlay-gradient":""}},"ast-content-background-meta":{"desktop":{"background-color":"var(--ast-global-color-5)","background-image":"","background-repeat":"repeat","background-position":"center center","background-size":"auto","background-attachment":"scroll","background-type":"","background-media":"","overlay-type":"","overlay-color":"","overlay-opacity":"","overlay-gradient":""},"tablet":{"background-color":"var(--ast-global-color-5)","background-image":"","background-repeat":"repeat","background-position":"center center","background-size":"auto","background-attachment":"scroll","background-type":"","background-media":"","overlay-type":"","overlay-color":"","overlay-opacity":"","overlay-gradient":""},"mobile":{"background-color":"var(--ast-global-color-5)","background-image":"","background-repeat":"repeat","background-position":"center center","background-size":"auto","background-attachment":"scroll","background-type":"","background-media":"","overlay-type":"","overlay-color":"","overlay-opacity":"","overlay-gradient":""}},"footnotes":""},"class_list":["post-99","page","type-page","status-publish","hentry"],"_links":{"self":[{"href":"https:\/\/cagels-ci.com\/index.php\/wp-json\/wp\/v2\/pages\/99","targetHints":{"allow":["GET"]}}],"collection":[{"href":"https:\/\/cagels-ci.com\/index.php\/wp-json\/wp\/v2\/pages"}],"about":[{"href":"https:\/\/cagels-ci.com\/index.php\/wp-json\/wp\/v2\/types\/page"}],"author":[{"embeddable":true,"href":"https:\/\/cagels-ci.com\/index.php\/wp-json\/wp\/v2\/users\/1"}],"replies":[{"embeddable":true,"href":"https:\/\/cagels-ci.com\/index.php\/wp-json\/wp\/v2\/comments?post=99"}],"version-history":[{"count":18,"href":"https:\/\/cagels-ci.com\/index.php\/wp-json\/wp\/v2\/pages\/99\/revisions"}],"predecessor-version":[{"id":2308,"href":"https:\/\/cagels-ci.com\/index.php\/wp-json\/wp\/v2\/pages\/99\/revisions\/2308"}],"wp:attachment":[{"href":"https:\/\/cagels-ci.com\/index.php\/wp-json\/wp\/v2\/media?parent=99"}],"curies":[{"name":"wp","href":"https:\/\/api.w.org\/{rel}","templated":true}]}}